{"id":150,"date":"2019-10-22T07:17:12","date_gmt":"2019-10-22T07:17:12","guid":{"rendered":"http:\/\/votre-demo.ovh\/?page_id=150"},"modified":"2020-03-17T14:16:49","modified_gmt":"2020-03-17T13:16:49","slug":"sponsors","status":"publish","type":"page","link":"https:\/\/votre-demo.ovh\/index.php\/sponsors\/","title":{"rendered":"PHARMACIE"},"content":{"rendered":"<p><div class=\"fusion-fullwidth fullwidth-box fusion-builder-row-1 fusion-parallax-none nonhundred-percent-fullwidth non-hundred-percent-height-scrolling\"  style='background-color: rgba(255,255,255,0);background-image: url(\"http:\/\/votre-demo.ovh\/wp-content\/uploads\/2020\/03\/7ss.jpg\");background-position: center center;background-repeat: no-repeat;padding-top:6%;padding-right:0px;padding-bottom:6%;padding-left:0px;-webkit-background-size:cover;-moz-background-size:cover;-o-background-size:cover;background-size:cover;'><div class=\"fusion-builder-row fusion-row \"><div  data-animationType=fadeInDown data-animationDuration=1.0 data-animationOffset=100% class=\"fusion-layout-column fusion_builder_column fusion_builder_column_1_1 fusion-builder-column-1 fusion-one-full fusion-column-first fusion-column-last fusion-animated 1_1\"  style='margin-top:0px;margin-bottom:0px;'>\n\t\t\t\t\t<div class=\"fusion-column-wrapper\" style=\"padding: 0px 0px 0px 0px;background-position:left top;background-repeat:no-repeat;-webkit-background-size:cover;-moz-background-size:cover;-o-background-size:cover;background-size:cover;\"   data-bg-url=\"\">\n\t\t\t\t\t\t<div class=\"fusion-clearfix\"><\/div>\n\n\t\t\t\t\t<\/div>\n\t\t\t\t<\/div><\/div><\/div><div class=\"fusion-fullwidth fullwidth-box fusion-builder-row-2 fusion-parallax-none nonhundred-percent-fullwidth non-hundred-percent-height-scrolling\"  style='background-color: rgba(255,255,255,0);background-image: url(\"http:\/\/votre-demo.ovh\/wp-content\/uploads\/2020\/03\/7444.jpg\");background-position: center center;background-repeat: no-repeat;padding-top:0px;padding-right:0px;padding-bottom:0px;padding-left:0px;-webkit-background-size:cover;-moz-background-size:cover;-o-background-size:cover;background-size:cover;'><div class=\"fusion-builder-row fusion-row \"><div  data-animationType=fadeInRight data-animationDuration=1.0 data-animationOffset=100% class=\"fusion-layout-column fusion_builder_column fusion_builder_column_2_3 fusion-builder-column-2 fusion-two-third fusion-column-first fusion-animated 2_3\"  style='margin-top:0px;margin-bottom:20px;width:66.66%;width:calc(66.66% - ( ( 4% ) * 0.6666 ) );margin-right: 4%;'>\n\t\t\t\t\t<div class=\"fusion-column-wrapper\" style=\"padding: 0px 0px 0px 0px;background-position:left top;background-repeat:no-repeat;-webkit-background-size:cover;-moz-background-size:cover;-o-background-size:cover;background-size:cover;\"   data-bg-url=\"\">\n\t\t\t\t\t\t<div class=\"fusion-text\"><h1 class=\"titre-post\">PHARMACIE<\/h1>\n<h2 class=\"intro-article\"><\/h2>\n<p style=\"text-align: center;\"><strong>\u00a0<\/strong><\/p>\n<\/div><div class=\"imageframe-align-center\"><span class=\"fusion-imageframe imageframe-none imageframe-1 hover-type-none\"><img loading=\"lazy\" decoding=\"async\" src=\"http:\/\/votre-demo.ovh\/wp-content\/uploads\/2020\/03\/1023_view-400x277.jpg\" width=\"400\" height=\"277\" alt=\"\" title=\"1023_view\" class=\"img-responsive wp-image-1510\" srcset=\"https:\/\/votre-demo.ovh\/wp-content\/uploads\/2020\/03\/1023_view-200x139.jpg 200w, https:\/\/votre-demo.ovh\/wp-content\/uploads\/2020\/03\/1023_view-400x277.jpg 400w, https:\/\/votre-demo.ovh\/wp-content\/uploads\/2020\/03\/1023_view-600x416.jpg 600w, https:\/\/votre-demo.ovh\/wp-content\/uploads\/2020\/03\/1023_view.jpg 604w\" sizes=\"(max-width: 800px) 100vw, 400px\" \/><\/span><\/div><div class=\"fusion-sep-clear\"><\/div><div class=\"fusion-separator fusion-full-width-sep sep-none\" style=\"margin-left: auto;margin-right: auto;margin-top:20px;margin-bottom:20px;\"><\/div><div class=\"fusion-text\"><p style=\"text-align: center;\"><strong>En tant que professionnels de sant\u00e9, nous sommes \u00e0 votre \u00e9coute afin de vous conseiller au mieux avec rigueur et efficacit\u00e9 mais toujours dans la convivialit\u00e9.<\/strong><\/p>\n<\/div><div class=\"fusion-clearfix\"><\/div>\n\n\t\t\t\t\t<\/div>\n\t\t\t\t<\/div><div  data-animationType=fadeInLeft data-animationDuration=1.0 data-animationOffset=100% class=\"fusion-layout-column fusion_builder_column fusion_builder_column_1_3 fusion-builder-column-3 fusion-one-third fusion-column-last fusion-animated 1_3\"  style='margin-top:0px;margin-bottom:20px;width:33.33%;width:calc(33.33% - ( ( 4% ) * 0.3333 ) );'>\n\t\t\t\t\t<div class=\"fusion-column-wrapper\" style=\"background-color:#ffffff;border:1px solid #e5e5e5;box-shadow:0px 20px 12px 2px rgba(12,12,12,0.1);;padding: 0px 0px 0px 0px;background-position:left top;background-repeat:no-repeat;-webkit-background-size:cover;-moz-background-size:cover;-o-background-size:cover;background-size:cover;\"   data-bg-url=\"\">\n\t\t\t\t\t\t<div class=\"fusion-sep-clear\"><\/div><div class=\"fusion-separator fusion-full-width-sep sep-none\" style=\"margin-left: auto;margin-right: auto;margin-top:40px;margin-bottom:40px;\"><\/div><div class=\"fusion-builder-row fusion-builder-row-inner fusion-row \"><div  class=\"fusion-layout-column fusion_builder_column fusion_builder_column_1_1  fusion-one-full fusion-column-first fusion-column-last 1_1\"  style='margin-top: 0px;margin-bottom: 20px;'><div class=\"fusion-column-wrapper fusion-column-wrapper-1\" style=\"padding: 0px 0px 0px 0px;background-position:left top;background-repeat:no-repeat;-webkit-background-size:cover;-moz-background-size:cover;-o-background-size:cover;background-size:cover;\"  data-bg-url=\"\"><div class=\"imageframe-align-center\"><span class=\"fusion-imageframe imageframe-none imageframe-2 hover-type-none\"><img loading=\"lazy\" decoding=\"async\" src=\"http:\/\/votre-demo.ovh\/wp-content\/uploads\/2020\/03\/7.jpg\" width=\"225\" height=\"225\" alt=\"1\" title=\"PHARMACIE VAL FLEURIE\" class=\"img-responsive wp-image-1478\" srcset=\"https:\/\/votre-demo.ovh\/wp-content\/uploads\/2020\/03\/7-200x200.jpg 200w, https:\/\/votre-demo.ovh\/wp-content\/uploads\/2020\/03\/7.jpg 225w\" sizes=\"(max-width: 800px) 100vw, 225px\" \/><\/span><\/div><\/div><\/div><\/div><div class=\"fusion-text\"><div class=\"widget-area\">\n<section id=\"text-5\" class=\"widget widget_text\">\n<h2 class=\"widget-title\" style=\"text-align: center;\">PHARMACIE Val Fleuri<\/h2>\n<div class=\"textwidget\" style=\"text-align: center;\">\n<section id=\"custom_html-3\" class=\"widget_text widget widget_custom_html\">\n<div class=\"textwidget custom-html-widget\">Ouvert du lundi au samedi<\/div>\n<\/section>\n<\/div>\n<div class=\"tel-footer\" style=\"text-align: center;\">T\u00e9l : 02 40 04 75 84<\/div>\n<div><span style=\"color: #ffffff;\">.<\/span><\/div>\n<\/section>\n<\/div>\n<\/div><div class=\"fusion-clearfix\"><\/div>\n\n\t\t\t\t\t<\/div>\n\t\t\t\t<\/div><\/div><\/div><\/p>\n","protected":false},"excerpt":{"rendered":"","protected":false},"author":1,"featured_media":0,"parent":0,"menu_order":0,"comment_status":"closed","ping_status":"closed","template":"100-width.php","meta":{"footnotes":""},"_links":{"self":[{"href":"https:\/\/votre-demo.ovh\/index.php\/wp-json\/wp\/v2\/pages\/150"}],"collection":[{"href":"https:\/\/votre-demo.ovh\/index.php\/wp-json\/wp\/v2\/pages"}],"about":[{"href":"https:\/\/votre-demo.ovh\/index.php\/wp-json\/wp\/v2\/types\/page"}],"author":[{"embeddable":true,"href":"https:\/\/votre-demo.ovh\/index.php\/wp-json\/wp\/v2\/users\/1"}],"replies":[{"embeddable":true,"href":"https:\/\/votre-demo.ovh\/index.php\/wp-json\/wp\/v2\/comments?post=150"}],"version-history":[{"count":10,"href":"https:\/\/votre-demo.ovh\/index.php\/wp-json\/wp\/v2\/pages\/150\/revisions"}],"predecessor-version":[{"id":1509,"href":"https:\/\/votre-demo.ovh\/index.php\/wp-json\/wp\/v2\/pages\/150\/revisions\/1509"}],"wp:attachment":[{"href":"https:\/\/votre-demo.ovh\/index.php\/wp-json\/wp\/v2\/media?parent=150"}],"curies":[{"name":"wp","href":"https:\/\/api.w.org\/{rel}","templated":true}]}}